{"id":399,"date":"2020-04-24T11:59:44","date_gmt":"2020-04-24T09:59:44","guid":{"rendered":"https:\/\/shop.pavillonduzoute.be\/product\/pedicure\/"},"modified":"2020-06-07T11:35:30","modified_gmt":"2020-06-07T09:35:30","slug":"pedikure","status":"publish","type":"product","link":"https:\/\/pavillonduzoute.be\/shop\/de\/produkt\/pedikure\/","title":{"rendered":"Pedik\u00fcre"},"content":{"rendered":"<ul>\n<li>Zugang zum Schwimmbad &amp; zur Sauna<\/li>\n<li>Wir bieten Badem\u00e4ntel, Handt\u00fccher &amp; Slippers an<\/li>\n<li>Wir bitten Sie, mindestens 20 Minuten vor Ihrem Termin zu kommen<\/li>\n<li>Nur nach Vereinbarung und je nach Verf\u00fcgbarkeit<\/li>\n<\/ul>\n<p>&nbsp;<\/p>\n","protected":false},"excerpt":{"rendered":"<p>Die Wellness Pedik\u00fcre pflegt den Nagel und die Nagelhaut besonders gr\u00fcndlich und verw\u00f6hnt dann den ganzen Fuss und das Bein mit einer sanften, aber kr\u00e4ftigen und intensiven Massage. Das Gef\u00fchl von Leichtigkeit stellt sich augenblicklich ein. Ihre F\u00fcsse finden zu neuen Kr\u00e4ften und Vitalit\u00e4t zur\u00fcck.<\/p>\n","protected":false},"featured_media":314,"template":"","meta":[],"product_brand":[],"product_cat":[47],"product_tag":[],"class_list":{"0":"post-399","1":"product","2":"type-product","3":"status-publish","4":"has-post-thumbnail","6":"product_cat-schoenheitspflege-de","8":"first","9":"instock","10":"taxable","11":"shipping-taxable","12":"purchasable","13":"product-type-simple"},"_links":{"self":[{"href":"https:\/\/pavillonduzoute.be\/shop\/de\/wp-json\/wp\/v2\/product\/399","targetHints":{"allow":["GET"]}}],"collection":[{"href":"https:\/\/pavillonduzoute.be\/shop\/de\/wp-json\/wp\/v2\/product"}],"about":[{"href":"https:\/\/pavillonduzoute.be\/shop\/de\/wp-json\/wp\/v2\/types\/product"}],"wp:featuredmedia":[{"embeddable":true,"href":"https:\/\/pavillonduzoute.be\/shop\/de\/wp-json\/wp\/v2\/media\/314"}],"wp:attachment":[{"href":"https:\/\/pavillonduzoute.be\/shop\/de\/wp-json\/wp\/v2\/media?parent=399"}],"wp:term":[{"taxonomy":"product_brand","embeddable":true,"href":"https:\/\/pavillonduzoute.be\/shop\/de\/wp-json\/wp\/v2\/product_brand?post=399"},{"taxonomy":"product_cat","embeddable":true,"href":"https:\/\/pavillonduzoute.be\/shop\/de\/wp-json\/wp\/v2\/product_cat?post=399"},{"taxonomy":"product_tag","embeddable":true,"href":"https:\/\/pavillonduzoute.be\/shop\/de\/wp-json\/wp\/v2\/product_tag?post=399"}],"curies":[{"name":"wp","href":"https:\/\/api.w.org\/{rel}","templated":true}]}}