{"id":403,"date":"2020-04-18T17:52:52","date_gmt":"2020-04-18T15:52:52","guid":{"rendered":"https:\/\/shop.pavillonduzoute.be\/product\/massage-1h30\/"},"modified":"2021-01-26T12:30:31","modified_gmt":"2021-01-26T11:30:31","slug":"massage-1h30","status":"publish","type":"product","link":"https:\/\/pavillonduzoute.be\/shop\/de\/produkt\/massage-1h30\/","title":{"rendered":"Massage 1 h 30"},"content":{"rendered":"<ul>\n<li>Zugang zum Schwimmbad &amp; zur Sauna<\/li>\n<li>Wir bieten Badem\u00e4ntel, Handt\u00fccher &amp; Slippers an<\/li>\n<li>Wir bitten Sie, mindestens 20 Minuten vor Ihrem Termin zu kommen<\/li>\n<li>Nur nach Vereinbarung und je nach Verf\u00fcgbarkeit<\/li>\n<\/ul>\n","protected":false},"excerpt":{"rendered":"<p>Lassen Sie sich w\u00e4hrend Ihres Aufenthalts mit einer Massage verw\u00f6hnen. Schwedische Massage, Lymhdrainage, Fu\u00dfreflexzonenmassage, Ayurveda-Massage, Kopf-, Nacken-und Schultermassage. mit dem Spezialisten zu besprechen.<\/p>\n","protected":false},"featured_media":307,"template":"","meta":[],"product_brand":[],"product_cat":[47],"product_tag":[],"class_list":{"0":"post-403","1":"product","2":"type-product","3":"status-publish","4":"has-post-thumbnail","6":"product_cat-schoenheitspflege-de","8":"first","9":"instock","10":"taxable","11":"shipping-taxable","12":"purchasable","13":"product-type-simple"},"_links":{"self":[{"href":"https:\/\/pavillonduzoute.be\/shop\/de\/wp-json\/wp\/v2\/product\/403","targetHints":{"allow":["GET"]}}],"collection":[{"href":"https:\/\/pavillonduzoute.be\/shop\/de\/wp-json\/wp\/v2\/product"}],"about":[{"href":"https:\/\/pavillonduzoute.be\/shop\/de\/wp-json\/wp\/v2\/types\/product"}],"wp:featuredmedia":[{"embeddable":true,"href":"https:\/\/pavillonduzoute.be\/shop\/de\/wp-json\/wp\/v2\/media\/307"}],"wp:attachment":[{"href":"https:\/\/pavillonduzoute.be\/shop\/de\/wp-json\/wp\/v2\/media?parent=403"}],"wp:term":[{"taxonomy":"product_brand","embeddable":true,"href":"https:\/\/pavillonduzoute.be\/shop\/de\/wp-json\/wp\/v2\/product_brand?post=403"},{"taxonomy":"product_cat","embeddable":true,"href":"https:\/\/pavillonduzoute.be\/shop\/de\/wp-json\/wp\/v2\/product_cat?post=403"},{"taxonomy":"product_tag","embeddable":true,"href":"https:\/\/pavillonduzoute.be\/shop\/de\/wp-json\/wp\/v2\/product_tag?post=403"}],"curies":[{"name":"wp","href":"https:\/\/api.w.org\/{rel}","templated":true}]}}