{"id":404,"date":"2020-04-18T17:49:51","date_gmt":"2020-04-18T15:49:51","guid":{"rendered":"https:\/\/shop.pavillonduzoute.be\/product\/massage-1h\/"},"modified":"2023-08-08T08:27:30","modified_gmt":"2023-08-08T06:27:30","slug":"massage-1h","status":"publish","type":"product","link":"https:\/\/pavillonduzoute.be\/shop\/de\/produkt\/massage-1h\/","title":{"rendered":"Massage 1 h"},"content":{"rendered":"<ul>\n<li>\u00a0Zugang zum Schwimmbad &amp; zur Sauna<\/li>\n<li>\u00a0Wir bieten Badem\u00e4ntel, Handt\u00fccher &amp; Slippers an<\/li>\n<li>Wir bitten Sie, mindestens 20 Minuten vor Ihrem Termin zu kommen<\/li>\n<li>Nur nach Vereinbarung und je nach Verf\u00fcgbarkeit<\/li>\n<\/ul>\n","protected":false},"excerpt":{"rendered":"<p>Lassen Sie sich w\u00e4hrend Ihres Aufenthalts mit einer Massage verw\u00f6hnen. Schwedische Massage, Lymhdrainage, Fu\u00dfreflexzonenmassage, Ayurveda-Massage, Kopf-, Nacken-und Schultermassage. mit dem Spezialisten zu besprechen.<\/p>\n","protected":false},"featured_media":694,"template":"","meta":[],"product_brand":[],"product_cat":[47],"product_tag":[],"class_list":{"0":"post-404","1":"product","2":"type-product","3":"status-publish","4":"has-post-thumbnail","6":"product_cat-schoenheitspflege-de","8":"first","9":"instock","10":"taxable","11":"shipping-taxable","12":"purchasable","13":"product-type-simple"},"_links":{"self":[{"href":"https:\/\/pavillonduzoute.be\/shop\/de\/wp-json\/wp\/v2\/product\/404","targetHints":{"allow":["GET"]}}],"collection":[{"href":"https:\/\/pavillonduzoute.be\/shop\/de\/wp-json\/wp\/v2\/product"}],"about":[{"href":"https:\/\/pavillonduzoute.be\/shop\/de\/wp-json\/wp\/v2\/types\/product"}],"wp:featuredmedia":[{"embeddable":true,"href":"https:\/\/pavillonduzoute.be\/shop\/de\/wp-json\/wp\/v2\/media\/694"}],"wp:attachment":[{"href":"https:\/\/pavillonduzoute.be\/shop\/de\/wp-json\/wp\/v2\/media?parent=404"}],"wp:term":[{"taxonomy":"product_brand","embeddable":true,"href":"https:\/\/pavillonduzoute.be\/shop\/de\/wp-json\/wp\/v2\/product_brand?post=404"},{"taxonomy":"product_cat","embeddable":true,"href":"https:\/\/pavillonduzoute.be\/shop\/de\/wp-json\/wp\/v2\/product_cat?post=404"},{"taxonomy":"product_tag","embeddable":true,"href":"https:\/\/pavillonduzoute.be\/shop\/de\/wp-json\/wp\/v2\/product_tag?post=404"}],"curies":[{"name":"wp","href":"https:\/\/api.w.org\/{rel}","templated":true}]}}