{"id":408,"date":"2020-03-18T15:52:58","date_gmt":"2020-03-18T14:52:58","guid":{"rendered":"https:\/\/shop.pavillonduzoute.be\/product\/e-bike\/"},"modified":"2020-11-25T16:20:03","modified_gmt":"2020-11-25T15:20:03","slug":"e-bike","status":"publish","type":"product","link":"https:\/\/pavillonduzoute.be\/shop\/de\/produkt\/e-bike\/","title":{"rendered":"E-Bike"},"content":{"rendered":"<p>Fahrr\u00e4der stehen von der Ankunft Ihres Aufentalts bis zur Abreise vom Hotel zur Verf\u00fcgung. Alle Zubeh\u00f6rteile sind im Lieferumfang enthalten (Vorh\u00e4ngeschloss, Korb zur Aufbewahrung Ihrer pers\u00f6nlichen Gegenst\u00e4nde, Radwege).<\/p>\n","protected":false},"excerpt":{"rendered":"<p>Bitte teilen Sie unsere Rezeption die An- und Abreise mit.<\/p>\n","protected":false},"featured_media":858,"template":"","meta":[],"product_brand":[],"product_cat":[51],"product_tag":[],"class_list":{"0":"post-408","1":"product","2":"type-product","3":"status-publish","4":"has-post-thumbnail","6":"product_cat-fahrradverleih","8":"first","9":"instock","10":"taxable","11":"shipping-taxable","12":"purchasable","13":"product-type-simple"},"_links":{"self":[{"href":"https:\/\/pavillonduzoute.be\/shop\/de\/wp-json\/wp\/v2\/product\/408","targetHints":{"allow":["GET"]}}],"collection":[{"href":"https:\/\/pavillonduzoute.be\/shop\/de\/wp-json\/wp\/v2\/product"}],"about":[{"href":"https:\/\/pavillonduzoute.be\/shop\/de\/wp-json\/wp\/v2\/types\/product"}],"wp:featuredmedia":[{"embeddable":true,"href":"https:\/\/pavillonduzoute.be\/shop\/de\/wp-json\/wp\/v2\/media\/858"}],"wp:attachment":[{"href":"https:\/\/pavillonduzoute.be\/shop\/de\/wp-json\/wp\/v2\/media?parent=408"}],"wp:term":[{"taxonomy":"product_brand","embeddable":true,"href":"https:\/\/pavillonduzoute.be\/shop\/de\/wp-json\/wp\/v2\/product_brand?post=408"},{"taxonomy":"product_cat","embeddable":true,"href":"https:\/\/pavillonduzoute.be\/shop\/de\/wp-json\/wp\/v2\/product_cat?post=408"},{"taxonomy":"product_tag","embeddable":true,"href":"https:\/\/pavillonduzoute.be\/shop\/de\/wp-json\/wp\/v2\/product_tag?post=408"}],"curies":[{"name":"wp","href":"https:\/\/api.w.org\/{rel}","templated":true}]}}