{"id":415,"date":"2020-03-18T15:46:41","date_gmt":"2020-03-18T14:46:41","guid":{"rendered":"https:\/\/shop.pavillonduzoute.be\/product\/blumenstraus\/"},"modified":"2020-10-21T11:57:13","modified_gmt":"2020-10-21T09:57:13","slug":"blumenstraus","status":"publish","type":"product","link":"https:\/\/pavillonduzoute.be\/shop\/de\/produkt\/blumenstraus\/","title":{"rendered":"Blumenstrau\u00df"},"content":{"rendered":"<p>\u00dcberraschen Sie Ihre Liebsten, Freunde, Bekannten oder Gesch\u00e4ftspartner mit Blumen. Teilen Sie uns den Anlass mit und wir werden Ihnen einen tollen Blumenstrauss bereitstellen.<\/p>\n<p>&nbsp;<\/p>\n","protected":false},"excerpt":{"rendered":"<p>\u00dcberraschen Sie Ihre Liebsten, Freunde, Bekannten oder Gesch\u00e4ftspartner mit Blumen. Teilen Sie uns den Anlass mit und wir werden Ihnen einen tollen Blumenstrauss bereitstellen. &nbsp;<\/p>\n","protected":false},"featured_media":854,"template":"","meta":[],"product_brand":[],"product_cat":[50],"product_tag":[],"class_list":{"0":"post-415","1":"product","2":"type-product","3":"status-publish","4":"has-post-thumbnail","6":"product_cat-extras","8":"first","9":"instock","10":"taxable","11":"shipping-taxable","12":"purchasable","13":"product-type-simple"},"_links":{"self":[{"href":"https:\/\/pavillonduzoute.be\/shop\/de\/wp-json\/wp\/v2\/product\/415","targetHints":{"allow":["GET"]}}],"collection":[{"href":"https:\/\/pavillonduzoute.be\/shop\/de\/wp-json\/wp\/v2\/product"}],"about":[{"href":"https:\/\/pavillonduzoute.be\/shop\/de\/wp-json\/wp\/v2\/types\/product"}],"wp:featuredmedia":[{"embeddable":true,"href":"https:\/\/pavillonduzoute.be\/shop\/de\/wp-json\/wp\/v2\/media\/854"}],"wp:attachment":[{"href":"https:\/\/pavillonduzoute.be\/shop\/de\/wp-json\/wp\/v2\/media?parent=415"}],"wp:term":[{"taxonomy":"product_brand","embeddable":true,"href":"https:\/\/pavillonduzoute.be\/shop\/de\/wp-json\/wp\/v2\/product_brand?post=415"},{"taxonomy":"product_cat","embeddable":true,"href":"https:\/\/pavillonduzoute.be\/shop\/de\/wp-json\/wp\/v2\/product_cat?post=415"},{"taxonomy":"product_tag","embeddable":true,"href":"https:\/\/pavillonduzoute.be\/shop\/de\/wp-json\/wp\/v2\/product_tag?post=415"}],"curies":[{"name":"wp","href":"https:\/\/api.w.org\/{rel}","templated":true}]}}