{"id":418,"date":"2020-03-18T15:45:20","date_gmt":"2020-03-18T14:45:20","guid":{"rendered":"https:\/\/shop.pavillonduzoute.be\/product\/cava-sekt\/"},"modified":"2020-10-21T15:39:12","modified_gmt":"2020-10-21T13:39:12","slug":"cava-sekt","status":"publish","type":"product","link":"https:\/\/pavillonduzoute.be\/shop\/de\/produkt\/cava-sekt\/","title":{"rendered":"Cr\u00e9mant"},"content":{"rendered":"<p>Cr\u00e9mant in Ihrem Zimmer f\u00fcr einen besonderen Gelegenheit?<\/p>\n<p>Wir k\u00fcmmern uns gerne in Ihrem Zimmer zu dem Zeitpunkt, der am besten zu Ihnen passt. Bitte informieren Sie unsere Rezeptionisten im Voraus.<\/p>\n","protected":false},"excerpt":{"rendered":"<p>Cr\u00e9mant in Ihrem Zimmer f\u00fcr einen besonderen Gelegenheit? Wir k\u00fcmmern uns gerne in Ihrem Zimmer zu dem Zeitpunkt, der am besten zu Ihnen passt. Bitte informieren Sie unsere Rezeptionisten im Voraus.<\/p>\n","protected":false},"featured_media":781,"template":"","meta":[],"product_brand":[],"product_cat":[50],"product_tag":[],"class_list":{"0":"post-418","1":"product","2":"type-product","3":"status-publish","4":"has-post-thumbnail","6":"product_cat-extras","8":"first","9":"instock","10":"taxable","11":"shipping-taxable","12":"purchasable","13":"product-type-simple"},"_links":{"self":[{"href":"https:\/\/pavillonduzoute.be\/shop\/de\/wp-json\/wp\/v2\/product\/418","targetHints":{"allow":["GET"]}}],"collection":[{"href":"https:\/\/pavillonduzoute.be\/shop\/de\/wp-json\/wp\/v2\/product"}],"about":[{"href":"https:\/\/pavillonduzoute.be\/shop\/de\/wp-json\/wp\/v2\/types\/product"}],"wp:featuredmedia":[{"embeddable":true,"href":"https:\/\/pavillonduzoute.be\/shop\/de\/wp-json\/wp\/v2\/media\/781"}],"wp:attachment":[{"href":"https:\/\/pavillonduzoute.be\/shop\/de\/wp-json\/wp\/v2\/media?parent=418"}],"wp:term":[{"taxonomy":"product_brand","embeddable":true,"href":"https:\/\/pavillonduzoute.be\/shop\/de\/wp-json\/wp\/v2\/product_brand?post=418"},{"taxonomy":"product_cat","embeddable":true,"href":"https:\/\/pavillonduzoute.be\/shop\/de\/wp-json\/wp\/v2\/product_cat?post=418"},{"taxonomy":"product_tag","embeddable":true,"href":"https:\/\/pavillonduzoute.be\/shop\/de\/wp-json\/wp\/v2\/product_tag?post=418"}],"curies":[{"name":"wp","href":"https:\/\/api.w.org\/{rel}","templated":true}]}}