{"id":419,"date":"2020-03-18T15:44:59","date_gmt":"2020-03-18T14:44:59","guid":{"rendered":"https:\/\/shop.pavillonduzoute.be\/product\/champagner\/"},"modified":"2024-05-20T10:08:23","modified_gmt":"2024-05-20T08:08:23","slug":"champagner","status":"publish","type":"product","link":"https:\/\/pavillonduzoute.be\/shop\/de\/produkt\/champagner\/","title":{"rendered":"Champagner"},"content":{"rendered":"<p>Champagner in Ihrem Zimmer f\u00fcr einen besonderen Moment? Unser hochwertiger Hauschampagner ist sehr zu empfehlen. Sie k\u00f6nnen w\u00e4hlen, ob Sie einen Brut R\u00e9serve oder eher einen Ros\u00e9 m\u00f6chten.<\/p>\n<p>Gerne bieten wir Ihnen dies in Ihrem Zimmer und zu dem Zeitpunkt an, der am besten zu Ihnen passt. Bitte informieren Sie unsere Rezeptionisten im Voraus.<\/p>\n<p>&nbsp;<\/p>\n","protected":false},"excerpt":{"rendered":"<p>Champagner in Ihrem Zimmer f\u00fcr einen besonderen Moment? Unser hochwertiger Hauschampagner ist sehr zu empfehlen. Sie k\u00f6nnen w\u00e4hlen, ob Sie einen Brut R\u00e9serve oder eher einen Ros\u00e9 m\u00f6chten. Gerne bieten wir Ihnen dies in Ihrem Zimmer und zu dem Zeitpunkt an, der am besten zu Ihnen passt. Bitte informieren Sie unsere Rezeptionisten im Voraus. &nbsp;<\/p>\n","protected":false},"featured_media":735,"template":"","meta":[],"product_brand":[],"product_cat":[50],"product_tag":[],"class_list":{"0":"post-419","1":"product","2":"type-product","3":"status-publish","4":"has-post-thumbnail","6":"product_cat-extras","8":"first","9":"instock","10":"taxable","11":"shipping-taxable","12":"purchasable","13":"product-type-simple"},"_links":{"self":[{"href":"https:\/\/pavillonduzoute.be\/shop\/de\/wp-json\/wp\/v2\/product\/419","targetHints":{"allow":["GET"]}}],"collection":[{"href":"https:\/\/pavillonduzoute.be\/shop\/de\/wp-json\/wp\/v2\/product"}],"about":[{"href":"https:\/\/pavillonduzoute.be\/shop\/de\/wp-json\/wp\/v2\/types\/product"}],"wp:featuredmedia":[{"embeddable":true,"href":"https:\/\/pavillonduzoute.be\/shop\/de\/wp-json\/wp\/v2\/media\/735"}],"wp:attachment":[{"href":"https:\/\/pavillonduzoute.be\/shop\/de\/wp-json\/wp\/v2\/media?parent=419"}],"wp:term":[{"taxonomy":"product_brand","embeddable":true,"href":"https:\/\/pavillonduzoute.be\/shop\/de\/wp-json\/wp\/v2\/product_brand?post=419"},{"taxonomy":"product_cat","embeddable":true,"href":"https:\/\/pavillonduzoute.be\/shop\/de\/wp-json\/wp\/v2\/product_cat?post=419"},{"taxonomy":"product_tag","embeddable":true,"href":"https:\/\/pavillonduzoute.be\/shop\/de\/wp-json\/wp\/v2\/product_tag?post=419"}],"curies":[{"name":"wp","href":"https:\/\/api.w.org\/{rel}","templated":true}]}}