{"id":427,"date":"2020-03-18T15:01:58","date_gmt":"2020-03-18T14:01:58","guid":{"rendered":"https:\/\/shop.pavillonduzoute.be\/product\/geschenkgutscheine-150\/"},"modified":"2020-06-06T12:57:45","modified_gmt":"2020-06-06T10:57:45","slug":"geschenkgutscheine-150","status":"publish","type":"product","link":"https:\/\/pavillonduzoute.be\/shop\/de\/produkt\/geschenkgutscheine-150\/","title":{"rendered":"Geschenkgutscheine \u20ac 150"},"content":{"rendered":"<p>Mit diesem Geschenkgutschein (g\u00fcltig f\u00fcr 1 Jahr) kann jeder in einem der sch\u00f6nsten Badeorte an der belgischen K\u00fcste Spass haben. Der Pavillon du Zoute bietet Ihnen ein Willkommensgeschenk in Ihrem Zimmer!<\/p>\n","protected":false},"excerpt":{"rendered":"<p>Ein Geschenk f\u00fcr Ihre Liebsten, Ihre Freunde, Ihre Familie, Ihre Bekannten oder Ihre Gesch\u00e4ftspartner?<\/p>\n","protected":false},"featured_media":862,"template":"","meta":[],"product_brand":[],"product_cat":[48],"product_tag":[],"class_list":{"0":"post-427","1":"product","2":"type-product","3":"status-publish","4":"has-post-thumbnail","6":"product_cat-geschenkgutscheine","8":"first","9":"instock","10":"taxable","11":"shipping-taxable","12":"purchasable","13":"product-type-simple"},"_links":{"self":[{"href":"https:\/\/pavillonduzoute.be\/shop\/de\/wp-json\/wp\/v2\/product\/427","targetHints":{"allow":["GET"]}}],"collection":[{"href":"https:\/\/pavillonduzoute.be\/shop\/de\/wp-json\/wp\/v2\/product"}],"about":[{"href":"https:\/\/pavillonduzoute.be\/shop\/de\/wp-json\/wp\/v2\/types\/product"}],"wp:featuredmedia":[{"embeddable":true,"href":"https:\/\/pavillonduzoute.be\/shop\/de\/wp-json\/wp\/v2\/media\/862"}],"wp:attachment":[{"href":"https:\/\/pavillonduzoute.be\/shop\/de\/wp-json\/wp\/v2\/media?parent=427"}],"wp:term":[{"taxonomy":"product_brand","embeddable":true,"href":"https:\/\/pavillonduzoute.be\/shop\/de\/wp-json\/wp\/v2\/product_brand?post=427"},{"taxonomy":"product_cat","embeddable":true,"href":"https:\/\/pavillonduzoute.be\/shop\/de\/wp-json\/wp\/v2\/product_cat?post=427"},{"taxonomy":"product_tag","embeddable":true,"href":"https:\/\/pavillonduzoute.be\/shop\/de\/wp-json\/wp\/v2\/product_tag?post=427"}],"curies":[{"name":"wp","href":"https:\/\/api.w.org\/{rel}","templated":true}]}}