{"id":636,"date":"2022-12-20T15:01:38","date_gmt":"2022-12-20T14:07:45","guid":{"rendered":"https:\/\/shop.pavillonduzoute.be\/?post_type=product&#038;p=636"},"modified":"2025-01-12T11:07:47","modified_gmt":"2025-01-12T10:07:47","slug":"geschenk-brunchgutschein","status":"publish","type":"product","link":"https:\/\/pavillonduzoute.be\/shop\/de\/produkt\/geschenk-brunchgutschein\/","title":{"rendered":"Geschenk Brunchgutschein"},"content":{"rendered":"<p>Verschenken Sie einen Sonntagsbrunch f\u00fcr 2 Personen.<\/p>\n<ul>\n<li>Inklusive einer Flasche Prosecco Brut.<\/li>\n<li>Im Sommer k\u00f6nnen Sie drau\u00dfen in unserem Blumengarten essen<\/li>\n<\/ul>\n","protected":false},"excerpt":{"rendered":"<p>Ein wertvolles Geschenk und eine sch\u00f6ne Geste f\u00fcr Ihre Liebsten, Freunde, Familie, Bekannte oder Gesch\u00e4ftspartner?<\/p>\n","protected":false},"featured_media":862,"template":"","meta":[],"product_brand":[],"product_cat":[48],"product_tag":[],"class_list":{"0":"post-636","1":"product","2":"type-product","3":"status-publish","4":"has-post-thumbnail","6":"product_cat-geschenkgutscheine","8":"first","9":"instock","10":"taxable","11":"shipping-taxable","12":"purchasable","13":"product-type-simple"},"_links":{"self":[{"href":"https:\/\/pavillonduzoute.be\/shop\/de\/wp-json\/wp\/v2\/product\/636","targetHints":{"allow":["GET"]}}],"collection":[{"href":"https:\/\/pavillonduzoute.be\/shop\/de\/wp-json\/wp\/v2\/product"}],"about":[{"href":"https:\/\/pavillonduzoute.be\/shop\/de\/wp-json\/wp\/v2\/types\/product"}],"wp:featuredmedia":[{"embeddable":true,"href":"https:\/\/pavillonduzoute.be\/shop\/de\/wp-json\/wp\/v2\/media\/862"}],"wp:attachment":[{"href":"https:\/\/pavillonduzoute.be\/shop\/de\/wp-json\/wp\/v2\/media?parent=636"}],"wp:term":[{"taxonomy":"product_brand","embeddable":true,"href":"https:\/\/pavillonduzoute.be\/shop\/de\/wp-json\/wp\/v2\/product_brand?post=636"},{"taxonomy":"product_cat","embeddable":true,"href":"https:\/\/pavillonduzoute.be\/shop\/de\/wp-json\/wp\/v2\/product_cat?post=636"},{"taxonomy":"product_tag","embeddable":true,"href":"https:\/\/pavillonduzoute.be\/shop\/de\/wp-json\/wp\/v2\/product_tag?post=636"}],"curies":[{"name":"wp","href":"https:\/\/api.w.org\/{rel}","templated":true}]}}