{"id":344,"date":"2020-03-18T15:01:58","date_gmt":"2020-03-18T14:01:58","guid":{"rendered":"https:\/\/shop.pavillonduzoute.be\/product\/bon-cadeaux-150\/"},"modified":"2020-05-24T21:36:49","modified_gmt":"2020-05-24T19:36:49","slug":"bon-cadeaux-150","status":"publish","type":"product","link":"https:\/\/pavillonduzoute.be\/shop\/fr\/produit\/bon-cadeaux-150\/","title":{"rendered":"Bon cadeau \u20ac 150"},"content":{"rendered":"<p>Avec ce bon cadeau (valable 1 an) chacun pourra appr\u00e9cier et s&#8217;amuser dans l&#8217;une des plus belles stations baln\u00e9aires de la c\u00f4te belge. Le Pavillon du Zoute vous offre un cadeau de bienvenue dans la chambre!<\/p>\n","protected":false},"excerpt":{"rendered":"<p>Un cadeau ou un beau geste pour votre bien-aim\u00e9, vos amis, votre famille, vos connaissances ou vos partenaires d&#8217;affaires?<\/p>\n","protected":false},"featured_media":861,"template":"","meta":[],"product_brand":[],"product_cat":[38],"product_tag":[],"class_list":{"0":"post-344","1":"product","2":"type-product","3":"status-publish","4":"has-post-thumbnail","6":"product_cat-bons-cadeaux","8":"first","9":"instock","10":"taxable","11":"shipping-taxable","12":"purchasable","13":"product-type-simple"},"_links":{"self":[{"href":"https:\/\/pavillonduzoute.be\/shop\/fr\/wp-json\/wp\/v2\/product\/344","targetHints":{"allow":["GET"]}}],"collection":[{"href":"https:\/\/pavillonduzoute.be\/shop\/fr\/wp-json\/wp\/v2\/product"}],"about":[{"href":"https:\/\/pavillonduzoute.be\/shop\/fr\/wp-json\/wp\/v2\/types\/product"}],"wp:featuredmedia":[{"embeddable":true,"href":"https:\/\/pavillonduzoute.be\/shop\/fr\/wp-json\/wp\/v2\/media\/861"}],"wp:attachment":[{"href":"https:\/\/pavillonduzoute.be\/shop\/fr\/wp-json\/wp\/v2\/media?parent=344"}],"wp:term":[{"taxonomy":"product_brand","embeddable":true,"href":"https:\/\/pavillonduzoute.be\/shop\/fr\/wp-json\/wp\/v2\/product_brand?post=344"},{"taxonomy":"product_cat","embeddable":true,"href":"https:\/\/pavillonduzoute.be\/shop\/fr\/wp-json\/wp\/v2\/product_cat?post=344"},{"taxonomy":"product_tag","embeddable":true,"href":"https:\/\/pavillonduzoute.be\/shop\/fr\/wp-json\/wp\/v2\/product_tag?post=344"}],"curies":[{"name":"wp","href":"https:\/\/api.w.org\/{rel}","templated":true}]}}