{"id":352,"date":"2020-03-18T15:44:59","date_gmt":"2020-03-18T14:44:59","guid":{"rendered":"https:\/\/shop.pavillonduzoute.be\/product\/bouteille-de-champagne\/"},"modified":"2020-10-21T15:37:29","modified_gmt":"2020-10-21T13:37:29","slug":"bouteille-de-champagne","status":"publish","type":"product","link":"https:\/\/pavillonduzoute.be\/shop\/fr\/produit\/bouteille-de-champagne\/","title":{"rendered":"Bouteille de Champagne"},"content":{"rendered":"<p>Une bouteille de champagne pour c\u00e9l\u00e9brer un moment sp\u00e9cial? Notre champagne maison est fortement recommand\u00e9. Vous choisissez selon votre go\u00fbt, champagne brut r\u00e9serve ou ros\u00e9?<\/p>\n<p>Nous sommes heureux de vous proposer cela dans votre chambre et au moment qui vous convient le mieux. Veuillez informer nos r\u00e9ceptionnistes \u00e0 l&#8217;avance.<\/p>\n","protected":false},"excerpt":{"rendered":"<p>&nbsp;<\/p>\n<p>&nbsp;<\/p>\n<p>&nbsp;<\/p>\n","protected":false},"featured_media":734,"template":"","meta":[],"product_brand":[],"product_cat":[39],"product_tag":[],"class_list":{"0":"post-352","1":"product","2":"type-product","3":"status-publish","4":"has-post-thumbnail","6":"product_cat-service-supplementaires","8":"first","9":"instock","10":"taxable","11":"shipping-taxable","12":"purchasable","13":"product-type-simple"},"_links":{"self":[{"href":"https:\/\/pavillonduzoute.be\/shop\/fr\/wp-json\/wp\/v2\/product\/352","targetHints":{"allow":["GET"]}}],"collection":[{"href":"https:\/\/pavillonduzoute.be\/shop\/fr\/wp-json\/wp\/v2\/product"}],"about":[{"href":"https:\/\/pavillonduzoute.be\/shop\/fr\/wp-json\/wp\/v2\/types\/product"}],"wp:featuredmedia":[{"embeddable":true,"href":"https:\/\/pavillonduzoute.be\/shop\/fr\/wp-json\/wp\/v2\/media\/734"}],"wp:attachment":[{"href":"https:\/\/pavillonduzoute.be\/shop\/fr\/wp-json\/wp\/v2\/media?parent=352"}],"wp:term":[{"taxonomy":"product_brand","embeddable":true,"href":"https:\/\/pavillonduzoute.be\/shop\/fr\/wp-json\/wp\/v2\/product_brand?post=352"},{"taxonomy":"product_cat","embeddable":true,"href":"https:\/\/pavillonduzoute.be\/shop\/fr\/wp-json\/wp\/v2\/product_cat?post=352"},{"taxonomy":"product_tag","embeddable":true,"href":"https:\/\/pavillonduzoute.be\/shop\/fr\/wp-json\/wp\/v2\/product_tag?post=352"}],"curies":[{"name":"wp","href":"https:\/\/api.w.org\/{rel}","templated":true}]}}