{"id":353,"date":"2020-03-18T15:45:20","date_gmt":"2020-03-18T14:45:20","guid":{"rendered":"https:\/\/shop.pavillonduzoute.be\/product\/bouteille-de-cava\/"},"modified":"2020-10-21T15:35:44","modified_gmt":"2020-10-21T13:35:44","slug":"bouteille-de-cava","status":"publish","type":"product","link":"https:\/\/pavillonduzoute.be\/shop\/fr\/produit\/bouteille-de-cava\/","title":{"rendered":"Bouteille de Cr\u00e9mant"},"content":{"rendered":"<p>Une bouteille de Cr\u00e9mant pour c\u00e9l\u00e9brer un moment sp\u00e9cial??<\/p>\n<p>Nous sommes heureux de vous proposer cela dans votre chambre et au moment qui vous convient le mieux. Veuillez informer nos r\u00e9ceptionnistes \u00e0 l&#8217;avance.<\/p>\n<p>&nbsp;<\/p>\n","protected":false},"excerpt":{"rendered":"<p>Une bouteille de Cr\u00e9mant pour c\u00e9l\u00e9brer un moment sp\u00e9cial?? Nous sommes heureux de vous proposer cela dans votre chambre et au moment qui vous convient le mieux. Veuillez informer nos r\u00e9ceptionnistes \u00e0 l&#8217;avance. &nbsp;<\/p>\n","protected":false},"featured_media":780,"template":"","meta":[],"product_brand":[],"product_cat":[39],"product_tag":[],"class_list":{"0":"post-353","1":"product","2":"type-product","3":"status-publish","4":"has-post-thumbnail","6":"product_cat-service-supplementaires","8":"first","9":"instock","10":"taxable","11":"shipping-taxable","12":"purchasable","13":"product-type-simple"},"_links":{"self":[{"href":"https:\/\/pavillonduzoute.be\/shop\/fr\/wp-json\/wp\/v2\/product\/353","targetHints":{"allow":["GET"]}}],"collection":[{"href":"https:\/\/pavillonduzoute.be\/shop\/fr\/wp-json\/wp\/v2\/product"}],"about":[{"href":"https:\/\/pavillonduzoute.be\/shop\/fr\/wp-json\/wp\/v2\/types\/product"}],"wp:featuredmedia":[{"embeddable":true,"href":"https:\/\/pavillonduzoute.be\/shop\/fr\/wp-json\/wp\/v2\/media\/780"}],"wp:attachment":[{"href":"https:\/\/pavillonduzoute.be\/shop\/fr\/wp-json\/wp\/v2\/media?parent=353"}],"wp:term":[{"taxonomy":"product_brand","embeddable":true,"href":"https:\/\/pavillonduzoute.be\/shop\/fr\/wp-json\/wp\/v2\/product_brand?post=353"},{"taxonomy":"product_cat","embeddable":true,"href":"https:\/\/pavillonduzoute.be\/shop\/fr\/wp-json\/wp\/v2\/product_cat?post=353"},{"taxonomy":"product_tag","embeddable":true,"href":"https:\/\/pavillonduzoute.be\/shop\/fr\/wp-json\/wp\/v2\/product_tag?post=353"}],"curies":[{"name":"wp","href":"https:\/\/api.w.org\/{rel}","templated":true}]}}