{"id":354,"date":"2020-03-18T15:46:41","date_gmt":"2020-03-18T14:46:41","guid":{"rendered":"https:\/\/shop.pavillonduzoute.be\/product\/bouquet-de-fleurs\/"},"modified":"2024-05-20T10:40:09","modified_gmt":"2024-05-20T08:40:09","slug":"bouquet-de-fleurs","status":"publish","type":"product","link":"https:\/\/pavillonduzoute.be\/shop\/fr\/produit\/bouquet-de-fleurs\/","title":{"rendered":"Bouquet de fleurs"},"content":{"rendered":"<p>Faites vous livrer un bouquet de fleurs dans la chambre \u00e0 l&#8217;arriv\u00e9e pour votre proche, vos amis, vos connaissances ou vos partenaires d&#8217;affaires? Demandez nous cette occasion sp\u00e9ciale et nous vous fournirons un bouquet surprenant!<\/p>\n","protected":false},"excerpt":{"rendered":"<p>Faites vous livrer un bouquet de fleurs dans la chambre \u00e0 l&#8217;arriv\u00e9e pour votre proche, vos amis, vos connaissances ou vos partenaires d&#8217;affaires? Demandez nous cette occasion sp\u00e9ciale et nous vous fournirons un bouquet surprenant!<\/p>\n","protected":false},"featured_media":853,"template":"","meta":[],"product_brand":[],"product_cat":[39],"product_tag":[],"class_list":{"0":"post-354","1":"product","2":"type-product","3":"status-publish","4":"has-post-thumbnail","6":"product_cat-service-supplementaires","8":"first","9":"instock","10":"taxable","11":"shipping-taxable","12":"purchasable","13":"product-type-simple"},"_links":{"self":[{"href":"https:\/\/pavillonduzoute.be\/shop\/fr\/wp-json\/wp\/v2\/product\/354","targetHints":{"allow":["GET"]}}],"collection":[{"href":"https:\/\/pavillonduzoute.be\/shop\/fr\/wp-json\/wp\/v2\/product"}],"about":[{"href":"https:\/\/pavillonduzoute.be\/shop\/fr\/wp-json\/wp\/v2\/types\/product"}],"wp:featuredmedia":[{"embeddable":true,"href":"https:\/\/pavillonduzoute.be\/shop\/fr\/wp-json\/wp\/v2\/media\/853"}],"wp:attachment":[{"href":"https:\/\/pavillonduzoute.be\/shop\/fr\/wp-json\/wp\/v2\/media?parent=354"}],"wp:term":[{"taxonomy":"product_brand","embeddable":true,"href":"https:\/\/pavillonduzoute.be\/shop\/fr\/wp-json\/wp\/v2\/product_brand?post=354"},{"taxonomy":"product_cat","embeddable":true,"href":"https:\/\/pavillonduzoute.be\/shop\/fr\/wp-json\/wp\/v2\/product_cat?post=354"},{"taxonomy":"product_tag","embeddable":true,"href":"https:\/\/pavillonduzoute.be\/shop\/fr\/wp-json\/wp\/v2\/product_tag?post=354"}],"curies":[{"name":"wp","href":"https:\/\/api.w.org\/{rel}","templated":true}]}}