{"id":356,"date":"2020-03-18T15:46:08","date_gmt":"2020-03-18T14:46:08","guid":{"rendered":"https:\/\/shop.pavillonduzoute.be\/product\/selection-du-chocolat-belge\/"},"modified":"2025-01-12T11:44:27","modified_gmt":"2025-01-12T10:44:27","slug":"selection-du-chocolat-belge","status":"publish","type":"product","link":"https:\/\/pavillonduzoute.be\/shop\/fr\/produit\/selection-du-chocolat-belge\/","title":{"rendered":"S\u00e9lection du chocolat belge"},"content":{"rendered":"","protected":false},"excerpt":{"rendered":"<p>Nous ofrrons une grande vari\u00e9t\u00e9 de la sp\u00e9cialit\u00e9 Belge par excellence.<\/p>\n<ul>\n<li>Assortiment de chocolats artisanal<\/li>\n<\/ul>\n","protected":false},"featured_media":788,"template":"","meta":[],"product_brand":[],"product_cat":[39],"product_tag":[],"class_list":{"0":"post-356","1":"product","2":"type-product","3":"status-publish","4":"has-post-thumbnail","6":"product_cat-service-supplementaires","8":"first","9":"instock","10":"taxable","11":"shipping-taxable","12":"purchasable","13":"product-type-simple"},"_links":{"self":[{"href":"https:\/\/pavillonduzoute.be\/shop\/fr\/wp-json\/wp\/v2\/product\/356","targetHints":{"allow":["GET"]}}],"collection":[{"href":"https:\/\/pavillonduzoute.be\/shop\/fr\/wp-json\/wp\/v2\/product"}],"about":[{"href":"https:\/\/pavillonduzoute.be\/shop\/fr\/wp-json\/wp\/v2\/types\/product"}],"wp:featuredmedia":[{"embeddable":true,"href":"https:\/\/pavillonduzoute.be\/shop\/fr\/wp-json\/wp\/v2\/media\/788"}],"wp:attachment":[{"href":"https:\/\/pavillonduzoute.be\/shop\/fr\/wp-json\/wp\/v2\/media?parent=356"}],"wp:term":[{"taxonomy":"product_brand","embeddable":true,"href":"https:\/\/pavillonduzoute.be\/shop\/fr\/wp-json\/wp\/v2\/product_brand?post=356"},{"taxonomy":"product_cat","embeddable":true,"href":"https:\/\/pavillonduzoute.be\/shop\/fr\/wp-json\/wp\/v2\/product_cat?post=356"},{"taxonomy":"product_tag","embeddable":true,"href":"https:\/\/pavillonduzoute.be\/shop\/fr\/wp-json\/wp\/v2\/product_tag?post=356"}],"curies":[{"name":"wp","href":"https:\/\/api.w.org\/{rel}","templated":true}]}}