{"id":365,"date":"2020-04-24T12:12:20","date_gmt":"2020-04-24T10:12:20","guid":{"rendered":"https:\/\/shop.pavillonduzoute.be\/product\/manicure\/"},"modified":"2020-05-24T22:02:35","modified_gmt":"2020-05-24T20:02:35","slug":"manicure","status":"publish","type":"product","link":"https:\/\/pavillonduzoute.be\/shop\/fr\/produit\/manicure\/","title":{"rendered":"Manicure"},"content":{"rendered":"<ul>\n<li>Acc\u00e8s \u00e0 la piscine et au sauna<\/li>\n<li>Nous fournissons les peignoirs, les serviettes et les pantoufles (par s\u00e9jour)<\/li>\n<li>Nous vous recommandons d&#8217;arriver au moins 20 minutes avant votre rendez-vous<\/li>\n<li>Sur rendez-vous uniquement<\/li>\n<\/ul>\n","protected":false},"excerpt":{"rendered":"<p>Acc\u00e8s \u00e0 la piscine et au sauna Nous fournissons les peignoirs, les serviettes et les pantoufles (par s\u00e9jour) Nous vous recommandons d&#8217;arriver au moins 20 minutes avant votre rendez-vous Sur rendez-vous uniquement<\/p>\n","protected":false},"featured_media":318,"template":"","meta":[],"product_brand":[],"product_cat":[40],"product_tag":[],"class_list":{"0":"post-365","1":"product","2":"type-product","3":"status-publish","4":"has-post-thumbnail","6":"product_cat-soins","8":"first","9":"instock","10":"taxable","11":"shipping-taxable","12":"purchasable","13":"product-type-simple"},"_links":{"self":[{"href":"https:\/\/pavillonduzoute.be\/shop\/fr\/wp-json\/wp\/v2\/product\/365","targetHints":{"allow":["GET"]}}],"collection":[{"href":"https:\/\/pavillonduzoute.be\/shop\/fr\/wp-json\/wp\/v2\/product"}],"about":[{"href":"https:\/\/pavillonduzoute.be\/shop\/fr\/wp-json\/wp\/v2\/types\/product"}],"wp:featuredmedia":[{"embeddable":true,"href":"https:\/\/pavillonduzoute.be\/shop\/fr\/wp-json\/wp\/v2\/media\/318"}],"wp:attachment":[{"href":"https:\/\/pavillonduzoute.be\/shop\/fr\/wp-json\/wp\/v2\/media?parent=365"}],"wp:term":[{"taxonomy":"product_brand","embeddable":true,"href":"https:\/\/pavillonduzoute.be\/shop\/fr\/wp-json\/wp\/v2\/product_brand?post=365"},{"taxonomy":"product_cat","embeddable":true,"href":"https:\/\/pavillonduzoute.be\/shop\/fr\/wp-json\/wp\/v2\/product_cat?post=365"},{"taxonomy":"product_tag","embeddable":true,"href":"https:\/\/pavillonduzoute.be\/shop\/fr\/wp-json\/wp\/v2\/product_tag?post=365"}],"curies":[{"name":"wp","href":"https:\/\/api.w.org\/{rel}","templated":true}]}}