{"id":366,"date":"2020-04-24T11:59:44","date_gmt":"2020-04-24T09:59:44","guid":{"rendered":"https:\/\/shop.pavillonduzoute.be\/product\/pedicure\/"},"modified":"2020-05-24T22:04:43","modified_gmt":"2020-05-24T20:04:43","slug":"pedicure","status":"publish","type":"product","link":"https:\/\/pavillonduzoute.be\/shop\/fr\/produit\/pedicure\/","title":{"rendered":"Pedicure"},"content":{"rendered":"<ul>\n<li>Acc\u00e8s \u00e0 la piscine et au sauna<\/li>\n<li>Nous fournissons les peignoirs, les serviettes et les pantoufles (par s\u00e9jour)<\/li>\n<li>Nous vous recommandons d&#8217;arriver au moins 20 minutes avant votre rendez-vous<\/li>\n<li>Sur rendez-vous uniquement<\/li>\n<\/ul>\n","protected":false},"excerpt":{"rendered":"<p>La Wellness Pedicure apporte un soin particuli\u00e8rement minutieux \u00e0 l&#8217;ongle et sont pourtour. Elle investit d\u00e9licatement le pied tout entier puis la jambe dans un massage tonique et profond. La sensation de l\u00e9g\u00e8ret\u00e9 est imm\u00e9diate. Vos pieds retrouvent force et vigueur. Sur rendez-vous uniquement.<\/p>\n","protected":false},"featured_media":313,"template":"","meta":[],"product_brand":[],"product_cat":[40],"product_tag":[],"class_list":{"0":"post-366","1":"product","2":"type-product","3":"status-publish","4":"has-post-thumbnail","6":"product_cat-soins","8":"first","9":"instock","10":"taxable","11":"shipping-taxable","12":"purchasable","13":"product-type-simple"},"_links":{"self":[{"href":"https:\/\/pavillonduzoute.be\/shop\/fr\/wp-json\/wp\/v2\/product\/366","targetHints":{"allow":["GET"]}}],"collection":[{"href":"https:\/\/pavillonduzoute.be\/shop\/fr\/wp-json\/wp\/v2\/product"}],"about":[{"href":"https:\/\/pavillonduzoute.be\/shop\/fr\/wp-json\/wp\/v2\/types\/product"}],"wp:featuredmedia":[{"embeddable":true,"href":"https:\/\/pavillonduzoute.be\/shop\/fr\/wp-json\/wp\/v2\/media\/313"}],"wp:attachment":[{"href":"https:\/\/pavillonduzoute.be\/shop\/fr\/wp-json\/wp\/v2\/media?parent=366"}],"wp:term":[{"taxonomy":"product_brand","embeddable":true,"href":"https:\/\/pavillonduzoute.be\/shop\/fr\/wp-json\/wp\/v2\/product_brand?post=366"},{"taxonomy":"product_cat","embeddable":true,"href":"https:\/\/pavillonduzoute.be\/shop\/fr\/wp-json\/wp\/v2\/product_cat?post=366"},{"taxonomy":"product_tag","embeddable":true,"href":"https:\/\/pavillonduzoute.be\/shop\/fr\/wp-json\/wp\/v2\/product_tag?post=366"}],"curies":[{"name":"wp","href":"https:\/\/api.w.org\/{rel}","templated":true}]}}