{"id":367,"date":"2020-04-18T17:49:51","date_gmt":"2020-04-18T15:49:51","guid":{"rendered":"https:\/\/shop.pavillonduzoute.be\/product\/massage-1h\/"},"modified":"2025-01-12T12:04:26","modified_gmt":"2025-01-12T11:04:26","slug":"massage-1h","status":"publish","type":"product","link":"https:\/\/pavillonduzoute.be\/shop\/fr\/produit\/massage-1h\/","title":{"rendered":"Massage 1h"},"content":{"rendered":"<ul>\n<li>Acc\u00e8s \u00e0 la piscine et au sauna<\/li>\n<li>Nous fournissons les peignoirs, les serviettes et les pantoufles (par s\u00e9jour)<\/li>\n<li>Nous vous recommandons d&#8217;arriver au moins 20 minutes avant votre rendez-vous<\/li>\n<li>Sur rendez-vous uniquement<\/li>\n<\/ul>\n","protected":false},"excerpt":{"rendered":"<p>Laissez-vous choyer avec un massage personnalis\u00e9 pendant votre s\u00e9jour. Au choix : Massage su\u00e9dois, drainage lymphatique, r\u00e9flexologie plantaire, massage ayurv\u00e9dique. \u00c0 convenir avec la sp\u00e9cialiste au moment m\u00eame.<\/p>\n","protected":false},"featured_media":693,"template":"","meta":[],"product_brand":[],"product_cat":[40],"product_tag":[],"class_list":{"0":"post-367","1":"product","2":"type-product","3":"status-publish","4":"has-post-thumbnail","6":"product_cat-soins","8":"first","9":"instock","10":"taxable","11":"shipping-taxable","12":"purchasable","13":"product-type-simple"},"_links":{"self":[{"href":"https:\/\/pavillonduzoute.be\/shop\/fr\/wp-json\/wp\/v2\/product\/367","targetHints":{"allow":["GET"]}}],"collection":[{"href":"https:\/\/pavillonduzoute.be\/shop\/fr\/wp-json\/wp\/v2\/product"}],"about":[{"href":"https:\/\/pavillonduzoute.be\/shop\/fr\/wp-json\/wp\/v2\/types\/product"}],"wp:featuredmedia":[{"embeddable":true,"href":"https:\/\/pavillonduzoute.be\/shop\/fr\/wp-json\/wp\/v2\/media\/693"}],"wp:attachment":[{"href":"https:\/\/pavillonduzoute.be\/shop\/fr\/wp-json\/wp\/v2\/media?parent=367"}],"wp:term":[{"taxonomy":"product_brand","embeddable":true,"href":"https:\/\/pavillonduzoute.be\/shop\/fr\/wp-json\/wp\/v2\/product_brand?post=367"},{"taxonomy":"product_cat","embeddable":true,"href":"https:\/\/pavillonduzoute.be\/shop\/fr\/wp-json\/wp\/v2\/product_cat?post=367"},{"taxonomy":"product_tag","embeddable":true,"href":"https:\/\/pavillonduzoute.be\/shop\/fr\/wp-json\/wp\/v2\/product_tag?post=367"}],"curies":[{"name":"wp","href":"https:\/\/api.w.org\/{rel}","templated":true}]}}