{"id":369,"date":"2020-03-18T15:50:27","date_gmt":"2020-03-18T14:50:27","guid":{"rendered":"https:\/\/shop.pavillonduzoute.be\/product\/velo-classique\/"},"modified":"2020-11-25T16:27:44","modified_gmt":"2020-11-25T15:27:44","slug":"velo-classique","status":"publish","type":"product","link":"https:\/\/pavillonduzoute.be\/shop\/fr\/produit\/velo-classique\/","title":{"rendered":"V\u00e9lo classique"},"content":{"rendered":"<p>Les v\u00e9los sont disponibles \u00e0 l&#8217;arriv\u00e9e de votre s\u00e9jour jusqu&#8217;au d\u00e9part de l&#8217;h\u00f4tel. Tous les accessoires sont inclus (cadenas, panier pour ranger vos affaires personnelles, itin\u00e9raires cyclables)<\/p>\n","protected":false},"excerpt":{"rendered":"<p>par journ\u00e9e<\/p>\n","protected":false},"featured_media":857,"template":"","meta":[],"product_brand":[],"product_cat":[42],"product_tag":[],"class_list":{"0":"post-369","1":"product","2":"type-product","3":"status-publish","4":"has-post-thumbnail","6":"product_cat-locations-de-velos","8":"first","9":"instock","10":"taxable","11":"shipping-taxable","12":"purchasable","13":"product-type-simple"},"_links":{"self":[{"href":"https:\/\/pavillonduzoute.be\/shop\/fr\/wp-json\/wp\/v2\/product\/369","targetHints":{"allow":["GET"]}}],"collection":[{"href":"https:\/\/pavillonduzoute.be\/shop\/fr\/wp-json\/wp\/v2\/product"}],"about":[{"href":"https:\/\/pavillonduzoute.be\/shop\/fr\/wp-json\/wp\/v2\/types\/product"}],"wp:featuredmedia":[{"embeddable":true,"href":"https:\/\/pavillonduzoute.be\/shop\/fr\/wp-json\/wp\/v2\/media\/857"}],"wp:attachment":[{"href":"https:\/\/pavillonduzoute.be\/shop\/fr\/wp-json\/wp\/v2\/media?parent=369"}],"wp:term":[{"taxonomy":"product_brand","embeddable":true,"href":"https:\/\/pavillonduzoute.be\/shop\/fr\/wp-json\/wp\/v2\/product_brand?post=369"},{"taxonomy":"product_cat","embeddable":true,"href":"https:\/\/pavillonduzoute.be\/shop\/fr\/wp-json\/wp\/v2\/product_cat?post=369"},{"taxonomy":"product_tag","embeddable":true,"href":"https:\/\/pavillonduzoute.be\/shop\/fr\/wp-json\/wp\/v2\/product_tag?post=369"}],"curies":[{"name":"wp","href":"https:\/\/api.w.org\/{rel}","templated":true}]}}