{"id":370,"date":"2020-03-18T15:52:58","date_gmt":"2020-03-18T14:52:58","guid":{"rendered":"https:\/\/shop.pavillonduzoute.be\/product\/velo-electrique\/"},"modified":"2020-11-25T16:19:19","modified_gmt":"2020-11-25T15:19:19","slug":"velo-electrique","status":"publish","type":"product","link":"https:\/\/pavillonduzoute.be\/shop\/fr\/produit\/velo-electrique\/","title":{"rendered":"V\u00e9lo electrique"},"content":{"rendered":"<p>Les v\u00e9los sont disponibles \u00e0 l&#8217;arriv\u00e9e de votre s\u00e9jour jusqu&#8217;au d\u00e9part de l&#8217;h\u00f4tel. Tous les accessoires sont inclusifs (serrure, panier pour ranger vos affaires personnels, itin\u00e9raires cyclables)<\/p>\n","protected":false},"excerpt":{"rendered":"<p>par journ\u00e9e<\/p>\n","protected":false},"featured_media":857,"template":"","meta":[],"product_brand":[],"product_cat":[42],"product_tag":[],"class_list":{"0":"post-370","1":"product","2":"type-product","3":"status-publish","4":"has-post-thumbnail","6":"product_cat-locations-de-velos","8":"first","9":"instock","10":"taxable","11":"shipping-taxable","12":"purchasable","13":"product-type-simple"},"_links":{"self":[{"href":"https:\/\/pavillonduzoute.be\/shop\/fr\/wp-json\/wp\/v2\/product\/370","targetHints":{"allow":["GET"]}}],"collection":[{"href":"https:\/\/pavillonduzoute.be\/shop\/fr\/wp-json\/wp\/v2\/product"}],"about":[{"href":"https:\/\/pavillonduzoute.be\/shop\/fr\/wp-json\/wp\/v2\/types\/product"}],"wp:featuredmedia":[{"embeddable":true,"href":"https:\/\/pavillonduzoute.be\/shop\/fr\/wp-json\/wp\/v2\/media\/857"}],"wp:attachment":[{"href":"https:\/\/pavillonduzoute.be\/shop\/fr\/wp-json\/wp\/v2\/media?parent=370"}],"wp:term":[{"taxonomy":"product_brand","embeddable":true,"href":"https:\/\/pavillonduzoute.be\/shop\/fr\/wp-json\/wp\/v2\/product_brand?post=370"},{"taxonomy":"product_cat","embeddable":true,"href":"https:\/\/pavillonduzoute.be\/shop\/fr\/wp-json\/wp\/v2\/product_cat?post=370"},{"taxonomy":"product_tag","embeddable":true,"href":"https:\/\/pavillonduzoute.be\/shop\/fr\/wp-json\/wp\/v2\/product_tag?post=370"}],"curies":[{"name":"wp","href":"https:\/\/api.w.org\/{rel}","templated":true}]}}