{"id":635,"date":"2022-12-20T15:01:38","date_gmt":"2022-12-20T14:01:38","guid":{"rendered":"https:\/\/shop.pavillonduzoute.be\/?post_type=product&#038;p=635"},"modified":"2025-01-12T11:06:42","modified_gmt":"2025-01-12T10:06:42","slug":"bon-cadeau-brunch","status":"publish","type":"product","link":"https:\/\/pavillonduzoute.be\/shop\/fr\/produit\/bon-cadeau-brunch\/","title":{"rendered":"Bon Cadeau Brunch"},"content":{"rendered":"<p>Offrez un brunch du dimanche comme cadeau pour 2 personnes.<\/p>\n<ul>\n<li>Comprend une petite bouteille de Prosecco Brut.<\/li>\n<li>En \u00e9t\u00e9, vous pouvez manger \u00e0 l&#8217;ext\u00e9rieur dans notre jardin fleuri.<\/li>\n<\/ul>\n","protected":false},"excerpt":{"rendered":"<p>Un cadeau ou un beau geste pour votre bien-aim\u00e9, vos amis, votre famille, vos connaissances ou vos partenaires d\u2019affaires?<\/p>\n","protected":false},"featured_media":861,"template":"","meta":[],"product_brand":[],"product_cat":[38],"product_tag":[],"class_list":{"0":"post-635","1":"product","2":"type-product","3":"status-publish","4":"has-post-thumbnail","6":"product_cat-bons-cadeaux","8":"first","9":"instock","10":"taxable","11":"shipping-taxable","12":"purchasable","13":"product-type-simple"},"_links":{"self":[{"href":"https:\/\/pavillonduzoute.be\/shop\/fr\/wp-json\/wp\/v2\/product\/635","targetHints":{"allow":["GET"]}}],"collection":[{"href":"https:\/\/pavillonduzoute.be\/shop\/fr\/wp-json\/wp\/v2\/product"}],"about":[{"href":"https:\/\/pavillonduzoute.be\/shop\/fr\/wp-json\/wp\/v2\/types\/product"}],"wp:featuredmedia":[{"embeddable":true,"href":"https:\/\/pavillonduzoute.be\/shop\/fr\/wp-json\/wp\/v2\/media\/861"}],"wp:attachment":[{"href":"https:\/\/pavillonduzoute.be\/shop\/fr\/wp-json\/wp\/v2\/media?parent=635"}],"wp:term":[{"taxonomy":"product_brand","embeddable":true,"href":"https:\/\/pavillonduzoute.be\/shop\/fr\/wp-json\/wp\/v2\/product_brand?post=635"},{"taxonomy":"product_cat","embeddable":true,"href":"https:\/\/pavillonduzoute.be\/shop\/fr\/wp-json\/wp\/v2\/product_cat?post=635"},{"taxonomy":"product_tag","embeddable":true,"href":"https:\/\/pavillonduzoute.be\/shop\/fr\/wp-json\/wp\/v2\/product_tag?post=635"}],"curies":[{"name":"wp","href":"https:\/\/api.w.org\/{rel}","templated":true}]}}